{"id":278,"date":"2018-03-26T12:10:24","date_gmt":"2018-03-26T10:10:24","guid":{"rendered":"http:\/\/localhost\/brb\/?page_id=278"},"modified":"2024-02-15T13:22:57","modified_gmt":"2024-02-15T12:22:57","slug":"impressum","status":"publish","type":"page","link":"https:\/\/www.brb-immoservice.de\/?page_id=278","title":{"rendered":"Impressum"},"content":{"rendered":"\t\t<div data-elementor-type=\"wp-post\" data-elementor-id=\"278\" class=\"elementor elementor-278\" data-elementor-post-type=\"page\">\n\t\t\t\t\t\t<section class=\"elementor-section elementor-top-section elementor-element elementor-element-472540d2 elementor-section-stretched elementor-section-full_width elementor-hidden-desktop elementor-hidden-tablet elementor-hidden-phone elementor-section-height-default elementor-section-height-default\" data-id=\"472540d2\" data-element_type=\"section\" data-e-type=\"section\" data-settings=\"{&quot;stretch_section&quot;:&quot;section-stretched&quot;}\">\n\t\t\t\t\t\t<div class=\"elementor-container elementor-column-gap-default\">\n\t\t\t\t\t<div class=\"elementor-column elementor-col-33 elementor-top-column elementor-element elementor-element-105b0547\" data-id=\"105b0547\" data-element_type=\"column\" data-e-type=\"column\">\n\t\t\t<div class=\"elementor-widget-wrap\">\n\t\t\t\t\t\t\t<\/div>\n\t\t<\/div>\n\t\t\t\t<div class=\"elementor-column elementor-col-33 elementor-top-column elementor-element elementor-element-d9b1148\" data-id=\"d9b1148\" data-element_type=\"column\" data-e-type=\"column\">\n\t\t\t<div class=\"elementor-widget-wrap elementor-element-populated\">\n\t\t\t\t\t\t<div class=\"elementor-element elementor-element-25aadd3d elementor-widget elementor-widget-heading\" data-id=\"25aadd3d\" data-element_type=\"widget\" data-e-type=\"widget\" data-widget_type=\"heading.default\">\n\t\t\t\t<div class=\"elementor-widget-container\">\n\t\t\t\t\t<h1 class=\"elementor-heading-title elementor-size-default\">IMPRESSUM<\/h1>\t\t\t\t<\/div>\n\t\t\t\t<\/div>\n\t\t\t\t<div class=\"elementor-element elementor-element-1a3194b9 elementor-widget elementor-widget-spacer\" data-id=\"1a3194b9\" data-element_type=\"widget\" data-e-type=\"widget\" data-widget_type=\"spacer.default\">\n\t\t\t\t<div class=\"elementor-widget-container\">\n\t\t\t\t\t\t\t<div class=\"elementor-spacer\">\n\t\t\t<div class=\"elementor-spacer-inner\"><\/div>\n\t\t<\/div>\n\t\t\t\t\t\t<\/div>\n\t\t\t\t<\/div>\n\t\t\t\t<section class=\"elementor-section elementor-inner-section elementor-element elementor-element-b7d792d elementor-section-boxed elementor-section-height-default elementor-section-height-default\" data-id=\"b7d792d\" data-element_type=\"section\" data-e-type=\"section\">\n\t\t\t\t\t\t<div class=\"elementor-container elementor-column-gap-default\">\n\t\t\t\t\t<div class=\"elementor-column elementor-col-50 elementor-inner-column elementor-element elementor-element-cf54d3a\" data-id=\"cf54d3a\" data-element_type=\"column\" data-e-type=\"column\">\n\t\t\t<div class=\"elementor-widget-wrap elementor-element-populated\">\n\t\t\t\t\t\t<div class=\"elementor-element elementor-element-a3aad07 elementor-widget elementor-widget-text-editor\" data-id=\"a3aad07\" data-element_type=\"widget\" data-e-type=\"widget\" data-widget_type=\"text-editor.default\">\n\t\t\t\t<div class=\"elementor-widget-container\">\n\t\t\t\t\t\t\t\t\t<p><strong>Firma<\/strong><\/p><p><strong>Stra\u00dfe<\/strong><\/p><p><strong>PLZ \/ Ort<\/strong><\/p><p><strong>Telefon<\/strong><\/p><p><strong>Fax<\/strong><\/p><p><strong>E-Mail<\/strong><\/p><p><strong>\u00a0<\/strong><\/p><p><strong>\u00a0<\/strong><\/p><p><strong>Gesch\u00e4ftsf\u00fchrerin &amp; V.i.S.d.P.<\/strong><\/p><p><strong>Berufsaufsichtsbeh\u00f6rde<br \/><\/strong><\/p><p><strong><br \/><br \/>ausstellende Beh\u00f6rde<\/strong><strong><br \/><\/strong><\/p><p><strong>\u00a0<\/strong><\/p><p><strong>\u00a0<\/strong><\/p><p><strong><br \/><br \/>Handelsregister<\/strong><\/p><p><strong>Handelsregisternummer<\/strong><\/p><p><strong>USt-IdNr.<\/strong><\/p><p><strong>Berufskammer<\/strong><\/p>\t\t\t\t\t\t\t\t<\/div>\n\t\t\t\t<\/div>\n\t\t\t\t\t<\/div>\n\t\t<\/div>\n\t\t\t\t<div class=\"elementor-column elementor-col-50 elementor-inner-column elementor-element elementor-element-87d7f7b\" data-id=\"87d7f7b\" data-element_type=\"column\" data-e-type=\"column\">\n\t\t\t<div class=\"elementor-widget-wrap elementor-element-populated\">\n\t\t\t\t\t\t<div class=\"elementor-element elementor-element-e06a22f elementor-widget elementor-widget-text-editor\" data-id=\"e06a22f\" data-element_type=\"widget\" data-e-type=\"widget\" data-widget_type=\"text-editor.default\">\n\t\t\t\t<div class=\"elementor-widget-container\">\n\t\t\t\t\t\t\t\t\t<p>B.R.B. Projektmanagement und Immobilienservice GmbH<\/p><p>Luisenstra\u00dfe 25<\/p><p>15537 Gr\u00fcnheide<\/p><p>+49 (0) 3362 &#8211; 88971-0<\/p><p>+49 (0) 3362 &#8211; 88971-29<\/p><p>kontakt@brb-immoservice.de<\/p><p>\u00a0<\/p><p>\u00a0<\/p><p>Susanne Menk<\/p><p>Bezirksamt Wilmersdorf von Berlin<br \/>Fehrbeliner Platz 4<br \/>10707 Berlin<\/p><p>Gewerbeamt Gr\u00fcnheide<br \/>Am Marktplatz 1<br \/>15537 Gr\u00fcnheide<\/p><p>\u00a0<\/p><p>\u00a0<\/p><p>AG Frankfurt (Oder)<\/p><p>HGB 4644<\/p><p>DE 136710167<\/p><p>Industrie- und Handelskammer Frankfurt (Oder)<\/p>\t\t\t\t\t\t\t\t<\/div>\n\t\t\t\t<\/div>\n\t\t\t\t\t<\/div>\n\t\t<\/div>\n\t\t\t\t\t<\/div>\n\t\t<\/section>\n\t\t\t\t<div class=\"elementor-element elementor-element-2aa04b9e elementor-widget elementor-widget-spacer\" data-id=\"2aa04b9e\" data-element_type=\"widget\" data-e-type=\"widget\" data-widget_type=\"spacer.default\">\n\t\t\t\t<div class=\"elementor-widget-container\">\n\t\t\t\t\t\t\t<div class=\"elementor-spacer\">\n\t\t\t<div class=\"elementor-spacer-inner\"><\/div>\n\t\t<\/div>\n\t\t\t\t\t\t<\/div>\n\t\t\t\t<\/div>\n\t\t\t\t\t<\/div>\n\t\t<\/div>\n\t\t\t\t<div class=\"elementor-column elementor-col-33 elementor-top-column elementor-element elementor-element-63445cfe\" data-id=\"63445cfe\" data-element_type=\"column\" data-e-type=\"column\">\n\t\t\t<div class=\"elementor-widget-wrap\">\n\t\t\t\t\t\t\t<\/div>\n\t\t<\/div>\n\t\t\t\t\t<\/div>\n\t\t<\/section>\n\t\t\t\t<section class=\"elementor-section elementor-top-section elementor-element elementor-element-1c5d009 elementor-section-stretched elementor-section-full_width elementor-section-height-default elementor-section-height-default\" data-id=\"1c5d009\" data-element_type=\"section\" data-e-type=\"section\" data-settings=\"{&quot;stretch_section&quot;:&quot;section-stretched&quot;}\">\n\t\t\t\t\t\t<div class=\"elementor-container elementor-column-gap-default\">\n\t\t\t\t\t<div class=\"elementor-column elementor-col-33 elementor-top-column elementor-element elementor-element-1eac8f2\" data-id=\"1eac8f2\" data-element_type=\"column\" data-e-type=\"column\">\n\t\t\t<div class=\"elementor-widget-wrap\">\n\t\t\t\t\t\t\t<\/div>\n\t\t<\/div>\n\t\t\t\t<div class=\"elementor-column elementor-col-33 elementor-top-column elementor-element elementor-element-32c4e2d\" data-id=\"32c4e2d\" data-element_type=\"column\" data-e-type=\"column\">\n\t\t\t<div class=\"elementor-widget-wrap elementor-element-populated\">\n\t\t\t\t\t\t<div class=\"elementor-element elementor-element-9f6fadd elementor-widget elementor-widget-heading\" data-id=\"9f6fadd\" data-element_type=\"widget\" data-e-type=\"widget\" data-widget_type=\"heading.default\">\n\t\t\t\t<div class=\"elementor-widget-container\">\n\t\t\t\t\t<h1 class=\"elementor-heading-title elementor-size-default\">IMPRESSUM<\/h1>\t\t\t\t<\/div>\n\t\t\t\t<\/div>\n\t\t\t\t<div class=\"elementor-element elementor-element-c3a816f elementor-widget elementor-widget-spacer\" data-id=\"c3a816f\" data-element_type=\"widget\" data-e-type=\"widget\" data-widget_type=\"spacer.default\">\n\t\t\t\t<div class=\"elementor-widget-container\">\n\t\t\t\t\t\t\t<div class=\"elementor-spacer\">\n\t\t\t<div class=\"elementor-spacer-inner\"><\/div>\n\t\t<\/div>\n\t\t\t\t\t\t<\/div>\n\t\t\t\t<\/div>\n\t\t\t\t<section class=\"elementor-section elementor-inner-section elementor-element elementor-element-4fa5dcf elementor-section-boxed elementor-section-height-default elementor-section-height-default\" data-id=\"4fa5dcf\" data-element_type=\"section\" data-e-type=\"section\">\n\t\t\t\t\t\t<div class=\"elementor-container elementor-column-gap-default\">\n\t\t\t\t\t<div class=\"elementor-column elementor-col-100 elementor-inner-column elementor-element elementor-element-31b3076\" data-id=\"31b3076\" data-element_type=\"column\" data-e-type=\"column\">\n\t\t\t<div class=\"elementor-widget-wrap elementor-element-populated\">\n\t\t\t\t\t\t<div class=\"elementor-element elementor-element-5fbc081 elementor-widget elementor-widget-text-editor\" data-id=\"5fbc081\" data-element_type=\"widget\" data-e-type=\"widget\" data-widget_type=\"text-editor.default\">\n\t\t\t\t<div class=\"elementor-widget-container\">\n\t\t\t\t\t\t\t\t\t<p><strong>Firma<\/strong><\/p><p><strong>Stra\u00dfe<\/strong><\/p><p><strong>PLZ \/ Ort<\/strong><\/p><p><strong>Telefon<\/strong><\/p><p><strong>Fax<\/strong><\/p><p><strong>E-Mail<\/strong><\/p><p><strong>\u00a0<\/strong><\/p><p><strong>\u00a0<\/strong><\/p><p><strong>Gesch\u00e4ftsf\u00fchrerin &amp; V.i.S.d.P.<\/strong><\/p><p><strong>Berufsaufsichtsbeh\u00f6rde<br \/><br \/><br \/><\/strong><\/p><p>\u00a0<\/p><p>ausstellende Beh\u00f6rde<strong><br \/><\/strong><\/p><p><strong>\u00a0<\/strong><\/p><p><strong>\u00a0<\/strong><\/p><p><strong>\u00a0<\/strong><\/p><p><strong>Handelsregister<\/strong><\/p><p><strong>Handelsregisternummer<\/strong><\/p><p><strong>USt-IdNr.<\/strong><\/p><p><strong>Berufskammer<\/strong><\/p>\t\t\t\t\t\t\t\t<\/div>\n\t\t\t\t<\/div>\n\t\t\t\t\t<\/div>\n\t\t<\/div>\n\t\t\t\t\t<\/div>\n\t\t<\/section>\n\t\t\t\t<div class=\"elementor-element elementor-element-e1dafc8 elementor-widget elementor-widget-spacer\" data-id=\"e1dafc8\" data-element_type=\"widget\" data-e-type=\"widget\" data-widget_type=\"spacer.default\">\n\t\t\t\t<div class=\"elementor-widget-container\">\n\t\t\t\t\t\t\t<div class=\"elementor-spacer\">\n\t\t\t<div class=\"elementor-spacer-inner\"><\/div>\n\t\t<\/div>\n\t\t\t\t\t\t<\/div>\n\t\t\t\t<\/div>\n\t\t\t\t\t<\/div>\n\t\t<\/div>\n\t\t\t\t<div class=\"elementor-column elementor-col-33 elementor-top-column elementor-element elementor-element-ea37d12\" data-id=\"ea37d12\" data-element_type=\"column\" data-e-type=\"column\">\n\t\t\t<div class=\"elementor-widget-wrap elementor-element-populated\">\n\t\t\t\t\t\t<div class=\"elementor-element elementor-element-901832d elementor-widget elementor-widget-spacer\" data-id=\"901832d\" data-element_type=\"widget\" data-e-type=\"widget\" data-widget_type=\"spacer.default\">\n\t\t\t\t<div class=\"elementor-widget-container\">\n\t\t\t\t\t\t\t<div class=\"elementor-spacer\">\n\t\t\t<div class=\"elementor-spacer-inner\"><\/div>\n\t\t<\/div>\n\t\t\t\t\t\t<\/div>\n\t\t\t\t<\/div>\n\t\t\t\t<section class=\"elementor-section elementor-inner-section elementor-element elementor-element-f31c9ee elementor-section-boxed elementor-section-height-default elementor-section-height-default\" data-id=\"f31c9ee\" data-element_type=\"section\" data-e-type=\"section\">\n\t\t\t\t\t\t<div class=\"elementor-container elementor-column-gap-default\">\n\t\t\t\t\t<div class=\"elementor-column elementor-col-100 elementor-inner-column elementor-element elementor-element-0ebc7dd\" data-id=\"0ebc7dd\" data-element_type=\"column\" data-e-type=\"column\">\n\t\t\t<div class=\"elementor-widget-wrap elementor-element-populated\">\n\t\t\t\t\t\t<div class=\"elementor-element elementor-element-4aa4ecb elementor-widget elementor-widget-text-editor\" data-id=\"4aa4ecb\" data-element_type=\"widget\" data-e-type=\"widget\" data-widget_type=\"text-editor.default\">\n\t\t\t\t<div class=\"elementor-widget-container\">\n\t\t\t\t\t\t\t\t\t<p>BRB Projektentwicklung und Immobilienmanagement GmbH<\/p>\n<p>Am Reiherhorst 6a<\/p>\n<p>15537 Gr\u00fcnheide<\/p>\n<p>03362 88971-0<\/p>\n<p>03362 88971-29<\/p>\n<p>kontakt@brb-projekt.de<\/p>\n<p><strong>&nbsp;<br><br><br><\/strong><\/p>\n<p><strong><br>\n<\/strong><\/p>\n<p><strong><\/strong><\/p>\n<p><\/p>\n<p>Susanne Menk<\/p>\n<p>Gemeinde Gr\u00fcnheide<br>Gewerbeamt<br>Am Marktplatz 1<br>15537 Gr\u00fcnheide<br><\/p>\n<p>Gewerbeamt Gr\u00fcnheide<br>Am Marktplatz 1<br>15537 Gr\u00fcnheide<br><br><br><br><b><\/b><\/p>\n<p><\/p>\n<p>AG Frankfurt (Oder)<\/p>\n<p>HRB 4644<\/p>\n<p>DE 136710167<\/p>\n<p>Industrie- und Handelskammer Frankfurt (Oder)<\/p>\t\t\t\t\t\t\t\t<\/div>\n\t\t\t\t<\/div>\n\t\t\t\t\t<\/div>\n\t\t<\/div>\n\t\t\t\t\t<\/div>\n\t\t<\/section>\n\t\t\t\t\t<\/div>\n\t\t<\/div>\n\t\t\t\t\t<\/div>\n\t\t<\/section>\n\t\t\t\t<section class=\"elementor-section elementor-top-section elementor-element elementor-element-c2375f0 elementor-section-boxed elementor-section-height-default elementor-section-height-default\" data-id=\"c2375f0\" data-element_type=\"section\" data-e-type=\"section\">\n\t\t\t\t\t\t<div class=\"elementor-container elementor-column-gap-default\">\n\t\t\t\t\t<div class=\"elementor-column elementor-col-100 elementor-top-column elementor-element elementor-element-2d51f73\" data-id=\"2d51f73\" data-element_type=\"column\" data-e-type=\"column\">\n\t\t\t<div class=\"elementor-widget-wrap\">\n\t\t\t\t\t\t\t<\/div>\n\t\t<\/div>\n\t\t\t\t\t<\/div>\n\t\t<\/section>\n\t\t\t\t<\/div>\n\t\t","protected":false},"excerpt":{"rendered":"<p>IMPRESSUM Firma Stra\u00dfe PLZ \/ Ort Telefon Fax E-Mail \u00a0 \u00a0 Gesch\u00e4ftsf\u00fchrerin &amp; V.i.S.d.P. Berufsaufsichtsbeh\u00f6rde ausstellende Beh\u00f6rde \u00a0 \u00a0 Handelsregister Handelsregisternummer USt-IdNr. Berufskammer B.R.B. Projektmanagement und Immobilienservice GmbH Luisenstra\u00dfe 25 15537 Gr\u00fcnheide +49 (0) 3362 &#8211; 88971-0 +49 (0) 3362 &#8211; 88971-29 kontakt@brb-immoservice.de \u00a0 \u00a0 Susanne Menk Bezirksamt Wilmersdorf von BerlinFehrbeliner Platz 410707 Berlin Gewerbeamt [&hellip;]<\/p>\n","protected":false},"author":1,"featured_media":0,"parent":0,"menu_order":0,"comment_status":"closed","ping_status":"closed","template":"","meta":{"footnotes":""},"class_list":["post-278","page","type-page","status-publish","hentry"],"_links":{"self":[{"href":"https:\/\/www.brb-immoservice.de\/index.php?rest_route=\/wp\/v2\/pages\/278","targetHints":{"allow":["GET"]}}],"collection":[{"href":"https:\/\/www.brb-immoservice.de\/index.php?rest_route=\/wp\/v2\/pages"}],"about":[{"href":"https:\/\/www.brb-immoservice.de\/index.php?rest_route=\/wp\/v2\/types\/page"}],"author":[{"embeddable":true,"href":"https:\/\/www.brb-immoservice.de\/index.php?rest_route=\/wp\/v2\/users\/1"}],"replies":[{"embeddable":true,"href":"https:\/\/www.brb-immoservice.de\/index.php?rest_route=%2Fwp%2Fv2%2Fcomments&post=278"}],"version-history":[{"count":89,"href":"https:\/\/www.brb-immoservice.de\/index.php?rest_route=\/wp\/v2\/pages\/278\/revisions"}],"predecessor-version":[{"id":1510,"href":"https:\/\/www.brb-immoservice.de\/index.php?rest_route=\/wp\/v2\/pages\/278\/revisions\/1510"}],"wp:attachment":[{"href":"https:\/\/www.brb-immoservice.de\/index.php?rest_route=%2Fwp%2Fv2%2Fmedia&parent=278"}],"curies":[{"name":"wp","href":"https:\/\/api.w.org\/{rel}","templated":true}]}}